{"id":201,"date":"2024-10-09T14:53:52","date_gmt":"2024-10-09T14:53:52","guid":{"rendered":"https:\/\/venture-werkstatt.com\/?page_id=201"},"modified":"2024-10-09T14:53:52","modified_gmt":"2024-10-09T14:53:52","slug":"datenschutz","status":"publish","type":"page","link":"https:\/\/venture-werkstatt.com\/index.php\/compact-vertical\/datenschutz\/","title":{"rendered":"Datenschutzerkl\u00e4rung"},"content":{"rendered":"<p><span style=\"font-size: 22px;\"><strong>Datenschutzerkl\u00e4rung<\/strong><\/span><\/p>\n<p><span style=\"font-size: 14px;\">Soweit nachstehend keine anderen Angaben gemacht werden, ist die Bereitstellung Ihrer personenbezogenen Daten weder gesetzlich oder vertraglich vorgeschrieben, noch f\u00fcr einen Vertragsabschluss erforderlich. Sie sind zur Bereitstellung der Daten nicht verpflichtet. Eine Nichtbereitstellung hat keine Folgen. Dies gilt nur soweit bei den nachfolgenden Verarbeitungsvorg\u00e4ngen keine anderweitige Angabe gemacht wird.<br \/>\n&#8222;Personenbezogene Daten&#8220; sind alle Informationen, die sich auf eine identifizierte oder identifizierbare nat\u00fcrliche Person beziehen.<\/span><\/p>\n<div><strong><span style=\"font-size: 14px;\">Server-Logfiles<\/span><\/strong><\/div>\n<div><span style=\"font-size: 14px;\">Sie k\u00f6nnen unsere Webseiten besuchen, ohne Angaben zu Ihrer Person zu machen.\u00a0<\/span><\/div>\n<div><span style=\"font-size: 14px;\">Bei jedem Zugriff auf unsere Website werden an uns oder unseren Webhoster \/ IT-Dienstleister Nutzungsdaten durch Ihren Internet Browser \u00fcbermittelt und in Protokolldaten (sog. Server-Logfiles) gespeichert. Zu diesen gespeicherten Daten geh\u00f6ren z.B. der Name der aufgerufenen Seite, Datum und Uhrzeit des Abrufs, die IP-Adresse, die \u00fcbertragene Datenmenge und der anfragende Provider.<br \/>\nDie Verarbeitung erfolgt auf Grundlage des Art. 6 Abs. 1 lit. f DSGVO aus unserem \u00fcberwiegenden berechtigten Interesse an der Gew\u00e4hrleistung eines st\u00f6rungsfreien Betriebs unserer Website sowie zur Verbesserung unseres Angebotes.\u00a0<\/span>\n<\/div>\n<p><span style=\"font-size: 14px;\">Ihre Daten werden dabei gegebenenfalls in Drittstaaten au\u00dferhalb der Europ\u00e4ischen Union \u00fcbermittelt, f\u00fcr die ein Angemessenheitsbeschluss der EU-Kommission vorliegt.<\/span><\/p>\n<p><span style=\"font-size: 20px;\"><em><strong>Kontakt<\/strong><\/em><\/span><\/p>\n<p><span style=\"font-size: 14px;\"><strong>Verantwortlicher<\/strong><\/span><strong><span style=\"font-size: 14px;\">\/Datenschutzbeauftragter<\/span><\/strong><br \/>\n<span style=\"font-size: 14px;\">Kontaktieren Sie uns auf Wunsch.\u00a0Verantwortlicher f\u00fcr die Datenverarbeitung ist:\u00a0<\/span><span style=\"font-size: 14px;\">Christoph Digwa,\u00a0<\/span><span style=\"font-size: 14px;\">Backhausfeld 2b,\u00a0<\/span><span style=\"font-size: 14px;\">31319\u00a0<\/span><span style=\"font-size: 14px;\">Sehnde\u00a0<\/span><span style=\"font-size: 14px;\">Germany,\u00a0<\/span><span style=\"font-size: 14px;\">+491703095440,\u00a0<\/span><span style=\"font-size: 14px;\">we@menoovo.com<\/span><\/p>\n<p><span style=\"font-size: 14px;\">Unseren Datenschutzbeauftragten erreichen Sie direkt unter: <span style=\"font-size: 14px;\">website@menoovo.com<\/span><\/span><\/p>\n<p><span style=\"font-size: 14px;\"><strong>Datenverarbeitung bei Nutzung des Meldesystems nach TCO-Verordnung (Verordnung (EU) 2021\/784) und Digital Services Act (Verordnung (EU) 2022\/2065)<\/strong><br \/>\nSofern Sie uns per E-Mail, per Kontaktformular oder \u00fcber sonstige von uns zur Verf\u00fcgung gestellte elektronische Kommunikationsmittel Informationen hinsichtlich mutma\u00dflicher terroristischer Inhalte oder sonstiger rechtswidriger Inhalte \u00fcbermitteln, erheben wir Ihre personenbezogenen Daten (E-Mail-Adresse, Name, Nachrichtentext) nur in dem von Ihnen zur Verf\u00fcgung gestellten Umfang. Die Datenverarbeitung dient dem Zweck der Durchf\u00fchrung eines den genannten Verordnungen entsprechenden Meldeverfahrens.<br \/>\nDie Datenverarbeitung erfolgt zur Erf\u00fcllung einer rechtlichen Verpflichtung auf Grundlage des Art. 6 Abs. 1 lit. c DSGVO iVm Art. 15 TCO-VO sowie Art. 6 Abs. 1 lit. c DSGVO iVm Art. 11, 12 und 16 des Digital Services Act.<br \/>\nIhre Daten werden anschlie\u00dfend unter Beachtung gesetzlicher Aufbewahrungsfristen gel\u00f6scht.<\/span><\/p>\n<p><span style=\"font-size: 14px;\"><strong>Initiativ-Kontaktaufnahme des Kunden per E-Mail<\/strong><br \/>\nWenn Sie per E-Mail initiativ mit uns in Gesch\u00e4ftskontakt treten, erheben wir Ihre personenbezogenen Daten (Name, E-Mail-Adresse, Nachrichtentext) nur in dem von Ihnen zur Verf\u00fcgung gestellten Umfang. Die Datenverarbeitung dient der Bearbeitung und Beantwortung Ihrer Kontaktanfrage.<br \/>\nWenn die Kontaktaufnahme der Durchf\u00fchrung vorvertraglichen Ma\u00dfnahmen (bspw. Beratung bei Kaufinteresse, Angebotserstellung) dient oder einen bereits zwischen Ihnen und uns geschlossenen Vertrag betrifft, erfolgt diese Datenverarbeitung auf Grundlage des Art. 6 Abs. 1 lit. b DSGVO.<br \/>\nErfolgt die Kontaktaufnahme aus anderen Gr\u00fcnden, erfolgt diese Datenverarbeitung auf Grundlage des Art. 6 Abs. 1 lit. f DSGVO aus unserem \u00fcberwiegenden berechtigten Interesse an der Bearbeitung und Beantwortung Ihrer Anfrage. <em><strong>In diesem Fall haben Sie das Recht, aus Gr\u00fcnden, die sich aus Ihrer besonderen Situation ergeben, jederzeit dieser auf Art. 6 Abs. 1 lit. f DSGVO beruhenden Verarbeitungen Sie betreffender personenbezogener Daten zu widersprechen.<\/strong><\/em><br \/>\nIhre E-Mail-Adresse nutzen wir nur zur Bearbeitung Ihrer Anfrage. Ihre Daten werden anschlie\u00dfend unter Beachtung gesetzlicher Aufbewahrungsfristen gel\u00f6scht, sofern Sie der weitergehenden Verarbeitung und Nutzung nicht zugestimmt haben.<\/span><\/p>\n<p><span style=\"font-size: 20px;\"><em><strong>Bestellungen\u00a0\u00a0\u00a0\u00a0\u00a0\u00a0<\/strong><\/em><\/span><\/p>\n<div><strong><span style=\"font-size: 14px;\">Erhebung, Verarbeitung und Weitergabe personenbezogener Daten bei Bestellungen<\/span><\/strong><\/div>\n<div><span style=\"font-size: 14px;\">Bei der Bestellung erheben und verarbeiten wir Ihre personenbezogenen Daten nur, soweit dies zur Erf\u00fcllung und Abwicklung Ihrer Bestellung sowie zur Bearbeitung Ihrer Anfragen erforderlich ist. Die Bereitstellung der Daten ist f\u00fcr den Vertragsschluss erforderlich. Eine Nichtbereitstellung hat zur Folge, dass kein Vertrag geschlossen werden kann. Die Verarbeitung erfolgt auf Grundlage des Art. 6 Abs. 1 lit. b DSGVO und ist f\u00fcr die Erf\u00fcllung eines Vertrags mit Ihnen erforderlich.\u00a0<\/span><\/div>\n<div><span style=\"font-size: 14px;\">Eine Weitergabe Ihrer Daten erfolgt dabei beispielsweise an die von Ihnen gew\u00e4hlten Versandunternehmen und Dropshipping Anbieter, Zahlungsdienstleister, Diensteanbieter f\u00fcr die Bestellabwicklung und IT-Dienstleister. In allen F\u00e4llen beachten wir strikt die gesetzlichen Vorgaben. Der Umfang der Daten\u00fcbermittlung beschr\u00e4nkt sich auf ein Mindestma\u00df.<\/span>\n<\/div>\n<p data-pm-slice=\"1 1 [&quot;table&quot;,{&quot;isNumberColumnEnabled&quot;:false,&quot;layout&quot;:&quot;full-width&quot;,&quot;__autoSize&quot;:false,&quot;localId&quot;:&quot;25b64c99-f905-49a0-9286-cec5afad2d08&quot;},&quot;tableRow&quot;,{},&quot;tableCell&quot;,{&quot;colspan&quot;:1,&quot;rowspan&quot;:1,&quot;colwidth&quot;:[517],&quot;background&quot;:null}]\"><span style=\"font-size: 14px;\">Ihre Daten werden dabei gegebenenfalls in Drittstaaten au\u00dferhalb der Europ\u00e4ischen Union \u00fcbermittelt, f\u00fcr die ein Angemessenheitsbeschluss der EU-Kommission vorliegt.\u00a0<\/span>\n<\/p>\n<p>&nbsp;<\/p>\n<p><span style=\"font-size: 20px;\"><strong><em>Betroffenenrechte und Speicherdauer<\/em><\/strong><\/span><\/p>\n<p><span style=\"font-size: 14px;\"><strong>Dauer der Speicherung<\/strong><br \/>\nNach vollst\u00e4ndiger Vertragsabwicklung werden die Daten zun\u00e4chst f\u00fcr die Dauer der Gew\u00e4hrleistungsfrist, danach unter Ber\u00fccksichtigung gesetzlicher, insbesondere steuer- und handelsrechtlicher Aufbewahrungsfristen gespeichert und dann nach Fristablauf gel\u00f6scht, sofern Sie der weitergehenden Verarbeitung und Nutzung nicht zugestimmt haben.<\/span><\/p>\n<p><span style=\"font-size: 14px;\"><strong>Rechte der betroffenen Person<\/strong><br \/>\nIhnen stehen bei Vorliegen der gesetzlichen Voraussetzungen folgende Rechte nach Art. 15 bis 20 DSGVO zu: Recht auf Auskunft, auf Berichtigung, auf L\u00f6schung, auf Einschr\u00e4nkung der Verarbeitung, auf Daten\u00fcbertragbarkeit.<br \/>\nAu\u00dferdem steht Ihnen nach Art. 21 Abs. 1 DSGVO ein Widerspruchsrecht gegen die Verarbeitungen zu, die auf Art. 6 Abs. 1 f DSGVO beruhen, sowie gegen die Verarbeitung zum Zwecke von Direktwerbung.<\/span><\/p>\n<p><span style=\"font-size: 14px;\"><strong>Beschwerderecht bei der Aufsichtsbeh\u00f6rde<\/strong><br \/>\nSie haben gem\u00e4\u00df Art. 77 DSGVO das Recht, sich bei der Aufsichtsbeh\u00f6rde zu beschweren, wenn Sie der Ansicht sind, dass die Verarbeitung Ihrer personenbezogenen Daten nicht rechtm\u00e4\u00dfig erfolgt.<\/span><\/p>\n<p><span style=\"font-size: 14px;\">Eine Beschwerde k\u00f6nnen Sie unter anderem bei der f\u00fcr uns zust\u00e4ndigen Aufsichtsbeh\u00f6rde einlegen, die Sie unter folgenden Kontaktdaten erreichen:<\/span><\/p>\n<p><span style=\"font-size: 14px;\">Landesbeauftragte f\u00fcr den Datenschutz Niedersachsen<br \/>\nPrinzenstra\u00dfe 5<br \/>\n30159 Hannover<br \/>\nTel.: +49 511 1204500<br \/>\nFax: +49 511 1204599<br \/>\nE-Mail: poststelle@lfd.niedersachsen.de<\/span><\/p>\n<p><span style=\"font-size: 14px;\"><strong>Widerspruchsrecht<\/strong><br \/>\nBeruhen die hier aufgef\u00fchrten personenbezogenen Datenverarbeitungen auf Grundlage unseres berechtigten Interesses nach Art. 6 Abs. 1 lit. f DSGVO, haben Sie das Recht aus Gr\u00fcnden, die sich aus Ihrer besonderen Situation ergeben, jederzeit diesen Verarbeitungen mit Wirkung f\u00fcr die Zukunft zu widersprechen.<br \/>\nNach erfolgtem Widerspruch wird die Verarbeitung der betroffenen Daten beendet, es sei denn, wir k\u00f6nnen zwingende schutzw\u00fcrdige Gr\u00fcnde f\u00fcr die Verarbeitung nachweisen, die Ihren Interessen, Rechten und Freiheiten \u00fcberwiegen, oder wenn die Verarbeitung der Geltendmachung, Aus\u00fcbung oder Verteidigung von Rechtsanspr\u00fcchen dient.<\/span><\/p>\n<p><span style=\"font-size: 14px;\">letzte Aktualisierung: 29.11.2023<\/span><\/p>\n","protected":false},"excerpt":{"rendered":"<p>Datenschutzerkl\u00e4rung Soweit nachstehend keine anderen Angaben gemacht werden, ist die [&hellip;]<\/p>\n","protected":false},"author":1,"featured_media":0,"parent":13,"menu_order":0,"comment_status":"closed","ping_status":"closed","template":"100-width.php","meta":{"footnotes":""},"class_list":["post-201","page","type-page","status-publish","hentry"],"_links":{"self":[{"href":"https:\/\/venture-werkstatt.com\/index.php\/wp-json\/wp\/v2\/pages\/201","targetHints":{"allow":["GET"]}}],"collection":[{"href":"https:\/\/venture-werkstatt.com\/index.php\/wp-json\/wp\/v2\/pages"}],"about":[{"href":"https:\/\/venture-werkstatt.com\/index.php\/wp-json\/wp\/v2\/types\/page"}],"author":[{"embeddable":true,"href":"https:\/\/venture-werkstatt.com\/index.php\/wp-json\/wp\/v2\/users\/1"}],"replies":[{"embeddable":true,"href":"https:\/\/venture-werkstatt.com\/index.php\/wp-json\/wp\/v2\/comments?post=201"}],"version-history":[{"count":1,"href":"https:\/\/venture-werkstatt.com\/index.php\/wp-json\/wp\/v2\/pages\/201\/revisions"}],"predecessor-version":[{"id":202,"href":"https:\/\/venture-werkstatt.com\/index.php\/wp-json\/wp\/v2\/pages\/201\/revisions\/202"}],"up":[{"embeddable":true,"href":"https:\/\/venture-werkstatt.com\/index.php\/wp-json\/wp\/v2\/pages\/13"}],"wp:attachment":[{"href":"https:\/\/venture-werkstatt.com\/index.php\/wp-json\/wp\/v2\/media?parent=201"}],"curies":[{"name":"wp","href":"https:\/\/api.w.org\/{rel}","templated":true}]}}